{"id":73,"date":"2011-07-22T10:50:33","date_gmt":"2011-07-22T10:50:33","guid":{"rendered":"http:\/\/aboutcsharp.wordpress.com\/?page_id=73"},"modified":"2011-07-22T10:50:33","modified_gmt":"2011-07-22T10:50:33","slug":"papeis-de-parede","status":"publish","type":"page","link":"https:\/\/sidroniolima.com.br\/blog\/papeis-de-parede\/","title":{"rendered":"Pap\u00e9is de parede"},"content":{"rendered":"\n<div class=\"twitter-share\"><a href=\"https:\/\/twitter.com\/intent\/tweet?via=sidroniolima\" class=\"twitter-share-button\">Tweet<\/a><\/div>\n<p>Depois de perceber a procura por pap\u00e9is-de-parede resolvi acrescentar essa funcionalidade no blog,\u00a0compartilhando imagens incr\u00edveis&#8230;<\/p>\n<p>Para salvar as imagens basta clicar com o bot\u00e3o direito do mouse e sobre a op\u00e7\u00e3o &#8220;Salvar imagem como&#8230;&#8221;. Ou para definir diretamente uma como papel-de-parede da \u00e1rea de trabalho clique em &#8220;Definir como plano de fundo&#8221;.\u00a0 H\u00e1 alguma varia\u00e7\u00e3o nesses dois caminhos, mas a ess\u00eancia dos sistemas operacionais \u00e9 a mesma, seja Windows XP, Windows Vista ou\u00a0Windows Seven.<\/p>\n<div id='gallery-1' class='gallery galleryid-73 gallery-columns-3 gallery-size-thumbnail'><dl class='gallery-item'>\n\t\t\t<dt class='gallery-icon landscape'>\n\t\t\t\t<a href='https:\/\/sidroniolima.com.br\/blog\/papeis-de-parede\/papel-de-parede\/'><img loading=\"lazy\" decoding=\"async\" width=\"150\" height=\"150\" src=\"https:\/\/sidroniolima.com.br\/blog\/wp-content\/uploads\/2011\/07\/papel-de-parede-150x150.jpg\" class=\"attachment-thumbnail size-thumbnail\" alt=\"\" srcset=\"https:\/\/sidroniolima.com.br\/blog\/wp-content\/uploads\/2011\/07\/papel-de-parede-150x150.jpg 150w, https:\/\/sidroniolima.com.br\/blog\/wp-content\/uploads\/2011\/07\/papel-de-parede-2x1.jpg 2w\" sizes=\"auto, (max-width: 150px) 100vw, 150px\" \/><\/a>\n\t\t\t<\/dt><\/dl><dl class='gallery-item'>\n\t\t\t<dt class='gallery-icon landscape'>\n\t\t\t\t<a href='https:\/\/sidroniolima.com.br\/blog\/papeis-de-parede\/attachment\/5749\/'><img loading=\"lazy\" decoding=\"async\" width=\"150\" height=\"150\" src=\"https:\/\/sidroniolima.com.br\/blog\/wp-content\/uploads\/2011\/07\/5749-150x150.jpg\" class=\"attachment-thumbnail size-thumbnail\" alt=\"\" srcset=\"https:\/\/sidroniolima.com.br\/blog\/wp-content\/uploads\/2011\/07\/5749-150x150.jpg 150w, https:\/\/sidroniolima.com.br\/blog\/wp-content\/uploads\/2011\/07\/5749-2x1.jpg 2w\" sizes=\"auto, (max-width: 150px) 100vw, 150px\" \/><\/a>\n\t\t\t<\/dt><\/dl><dl class='gallery-item'>\n\t\t\t<dt class='gallery-icon landscape'>\n\t\t\t\t<a href='https:\/\/sidroniolima.com.br\/blog\/papeis-de-parede\/attachment\/5751\/'><img loading=\"lazy\" decoding=\"async\" width=\"150\" height=\"150\" src=\"https:\/\/sidroniolima.com.br\/blog\/wp-content\/uploads\/2011\/07\/5751-150x150.jpg\" class=\"attachment-thumbnail size-thumbnail\" alt=\"\" srcset=\"https:\/\/sidroniolima.com.br\/blog\/wp-content\/uploads\/2011\/07\/5751-150x150.jpg 150w, https:\/\/sidroniolima.com.br\/blog\/wp-content\/uploads\/2011\/07\/5751-1x1.jpg 1w\" sizes=\"auto, (max-width: 150px) 100vw, 150px\" \/><\/a>\n\t\t\t<\/dt><\/dl><br style=\"clear: both\" \/><dl class='gallery-item'>\n\t\t\t<dt class='gallery-icon landscape'>\n\t\t\t\t<a href='https:\/\/sidroniolima.com.br\/blog\/papeis-de-parede\/terra-full-9\/'><img loading=\"lazy\" decoding=\"async\" width=\"150\" height=\"150\" src=\"https:\/\/sidroniolima.com.br\/blog\/wp-content\/uploads\/2011\/10\/terra-full-9-150x150.jpg\" class=\"attachment-thumbnail size-thumbnail\" alt=\"\" srcset=\"https:\/\/sidroniolima.com.br\/blog\/wp-content\/uploads\/2011\/10\/terra-full-9-150x150.jpg 150w, https:\/\/sidroniolima.com.br\/blog\/wp-content\/uploads\/2011\/10\/terra-full-9-1x1.jpg 1w\" sizes=\"auto, (max-width: 150px) 100vw, 150px\" \/><\/a>\n\t\t\t<\/dt><\/dl><dl class='gallery-item'>\n\t\t\t<dt class='gallery-icon landscape'>\n\t\t\t\t<a href='https:\/\/sidroniolima.com.br\/blog\/papeis-de-parede\/terra-full-17\/'><img loading=\"lazy\" decoding=\"async\" width=\"150\" height=\"150\" src=\"https:\/\/sidroniolima.com.br\/blog\/wp-content\/uploads\/2011\/10\/terra-full-17-150x150.jpg\" class=\"attachment-thumbnail size-thumbnail\" alt=\"\" srcset=\"https:\/\/sidroniolima.com.br\/blog\/wp-content\/uploads\/2011\/10\/terra-full-17-150x150.jpg 150w, https:\/\/sidroniolima.com.br\/blog\/wp-content\/uploads\/2011\/10\/terra-full-17-1x1.jpg 1w\" sizes=\"auto, (max-width: 150px) 100vw, 150px\" \/><\/a>\n\t\t\t<\/dt><\/dl><dl class='gallery-item'>\n\t\t\t<dt class='gallery-icon landscape'>\n\t\t\t\t<a href='https:\/\/sidroniolima.com.br\/blog\/papeis-de-parede\/terra-full-20\/'><img loading=\"lazy\" decoding=\"async\" width=\"150\" height=\"150\" src=\"https:\/\/sidroniolima.com.br\/blog\/wp-content\/uploads\/2011\/10\/terra-full-20-150x150.jpg\" class=\"attachment-thumbnail size-thumbnail\" alt=\"\" srcset=\"https:\/\/sidroniolima.com.br\/blog\/wp-content\/uploads\/2011\/10\/terra-full-20-150x150.jpg 150w, https:\/\/sidroniolima.com.br\/blog\/wp-content\/uploads\/2011\/10\/terra-full-20-2x1.jpg 2w\" sizes=\"auto, (max-width: 150px) 100vw, 150px\" \/><\/a>\n\t\t\t<\/dt><\/dl><br style=\"clear: both\" \/><dl class='gallery-item'>\n\t\t\t<dt class='gallery-icon landscape'>\n\t\t\t\t<a href='https:\/\/sidroniolima.com.br\/blog\/papeis-de-parede\/terra-full-21\/'><img loading=\"lazy\" decoding=\"async\" width=\"150\" height=\"150\" src=\"https:\/\/sidroniolima.com.br\/blog\/wp-content\/uploads\/2011\/10\/terra-full-21-150x150.jpg\" class=\"attachment-thumbnail size-thumbnail\" alt=\"\" srcset=\"https:\/\/sidroniolima.com.br\/blog\/wp-content\/uploads\/2011\/10\/terra-full-21-150x150.jpg 150w, https:\/\/sidroniolima.com.br\/blog\/wp-content\/uploads\/2011\/10\/terra-full-21-2x1.jpg 2w\" sizes=\"auto, (max-width: 150px) 100vw, 150px\" \/><\/a>\n\t\t\t<\/dt><\/dl><dl class='gallery-item'>\n\t\t\t<dt class='gallery-icon landscape'>\n\t\t\t\t<a href='https:\/\/sidroniolima.com.br\/blog\/papeis-de-parede\/600-px-thumb-1\/'><img loading=\"lazy\" decoding=\"async\" width=\"150\" height=\"150\" src=\"https:\/\/sidroniolima.com.br\/blog\/wp-content\/uploads\/2011\/11\/600-px-thumb-1-150x150.png\" class=\"attachment-thumbnail size-thumbnail\" alt=\"\" srcset=\"https:\/\/sidroniolima.com.br\/blog\/wp-content\/uploads\/2011\/11\/600-px-thumb-1-150x150.png 150w, https:\/\/sidroniolima.com.br\/blog\/wp-content\/uploads\/2011\/11\/600-px-thumb-1-1x1.png 1w\" sizes=\"auto, (max-width: 150px) 100vw, 150px\" \/><\/a>\n\t\t\t<\/dt><\/dl><dl class='gallery-item'>\n\t\t\t<dt class='gallery-icon landscape'>\n\t\t\t\t<a href='https:\/\/sidroniolima.com.br\/blog\/papeis-de-parede\/600-px-thumb-2\/'><img loading=\"lazy\" decoding=\"async\" width=\"150\" height=\"150\" src=\"https:\/\/sidroniolima.com.br\/blog\/wp-content\/uploads\/2011\/11\/600-px-thumb-2-150x150.png\" class=\"attachment-thumbnail size-thumbnail\" alt=\"\" srcset=\"https:\/\/sidroniolima.com.br\/blog\/wp-content\/uploads\/2011\/11\/600-px-thumb-2-150x150.png 150w, https:\/\/sidroniolima.com.br\/blog\/wp-content\/uploads\/2011\/11\/600-px-thumb-2-1x1.png 1w\" sizes=\"auto, (max-width: 150px) 100vw, 150px\" \/><\/a>\n\t\t\t<\/dt><\/dl><br style=\"clear: both\" \/><dl class='gallery-item'>\n\t\t\t<dt class='gallery-icon landscape'>\n\t\t\t\t<a href='https:\/\/sidroniolima.com.br\/blog\/papeis-de-parede\/600-px-thumb-3\/'><img loading=\"lazy\" decoding=\"async\" width=\"150\" height=\"150\" src=\"https:\/\/sidroniolima.com.br\/blog\/wp-content\/uploads\/2011\/11\/600-px-thumb-3-150x150.png\" class=\"attachment-thumbnail size-thumbnail\" alt=\"\" srcset=\"https:\/\/sidroniolima.com.br\/blog\/wp-content\/uploads\/2011\/11\/600-px-thumb-3-150x150.png 150w, https:\/\/sidroniolima.com.br\/blog\/wp-content\/uploads\/2011\/11\/600-px-thumb-3-1x1.png 1w\" sizes=\"auto, (max-width: 150px) 100vw, 150px\" \/><\/a>\n\t\t\t<\/dt><\/dl><dl class='gallery-item'>\n\t\t\t<dt class='gallery-icon landscape'>\n\t\t\t\t<a href='https:\/\/sidroniolima.com.br\/blog\/papeis-de-parede\/600-px-thumb-4\/'><img loading=\"lazy\" decoding=\"async\" width=\"150\" height=\"150\" src=\"https:\/\/sidroniolima.com.br\/blog\/wp-content\/uploads\/2011\/11\/600-px-thumb-4-150x150.png\" class=\"attachment-thumbnail size-thumbnail\" alt=\"\" srcset=\"https:\/\/sidroniolima.com.br\/blog\/wp-content\/uploads\/2011\/11\/600-px-thumb-4-150x150.png 150w, https:\/\/sidroniolima.com.br\/blog\/wp-content\/uploads\/2011\/11\/600-px-thumb-4-1x1.png 1w\" sizes=\"auto, (max-width: 150px) 100vw, 150px\" \/><\/a>\n\t\t\t<\/dt><\/dl><dl class='gallery-item'>\n\t\t\t<dt class='gallery-icon landscape'>\n\t\t\t\t<a href='https:\/\/sidroniolima.com.br\/blog\/papeis-de-parede\/600-px-thumb-5\/'><img loading=\"lazy\" decoding=\"async\" width=\"150\" height=\"150\" src=\"https:\/\/sidroniolima.com.br\/blog\/wp-content\/uploads\/2011\/11\/600-px-thumb-5-150x150.png\" class=\"attachment-thumbnail size-thumbnail\" alt=\"\" srcset=\"https:\/\/sidroniolima.com.br\/blog\/wp-content\/uploads\/2011\/11\/600-px-thumb-5-150x150.png 150w, https:\/\/sidroniolima.com.br\/blog\/wp-content\/uploads\/2011\/11\/600-px-thumb-5-1x1.png 1w\" sizes=\"auto, (max-width: 150px) 100vw, 150px\" \/><\/a>\n\t\t\t<\/dt><\/dl><br style=\"clear: both\" \/><dl class='gallery-item'>\n\t\t\t<dt class='gallery-icon landscape'>\n\t\t\t\t<a href='https:\/\/sidroniolima.com.br\/blog\/papeis-de-parede\/600-px-thumb\/'><img loading=\"lazy\" decoding=\"async\" width=\"150\" height=\"150\" src=\"https:\/\/sidroniolima.com.br\/blog\/wp-content\/uploads\/2011\/11\/600-px-thumb-150x150.png\" class=\"attachment-thumbnail size-thumbnail\" alt=\"\" srcset=\"https:\/\/sidroniolima.com.br\/blog\/wp-content\/uploads\/2011\/11\/600-px-thumb-150x150.png 150w, https:\/\/sidroniolima.com.br\/blog\/wp-content\/uploads\/2011\/11\/600-px-thumb-1x1.png 1w\" sizes=\"auto, (max-width: 150px) 100vw, 150px\" \/><\/a>\n\t\t\t<\/dt><\/dl><dl class='gallery-item'>\n\t\t\t<dt class='gallery-icon landscape'>\n\t\t\t\t<a href='https:\/\/sidroniolima.com.br\/blog\/papeis-de-parede\/attachment\/5730\/'><img loading=\"lazy\" decoding=\"async\" width=\"150\" height=\"150\" src=\"https:\/\/sidroniolima.com.br\/blog\/wp-content\/uploads\/2011\/11\/5730-150x150.jpg\" class=\"attachment-thumbnail size-thumbnail\" alt=\"\" srcset=\"https:\/\/sidroniolima.com.br\/blog\/wp-content\/uploads\/2011\/11\/5730-150x150.jpg 150w, https:\/\/sidroniolima.com.br\/blog\/wp-content\/uploads\/2011\/11\/5730-2x1.jpg 2w\" sizes=\"auto, (max-width: 150px) 100vw, 150px\" \/><\/a>\n\t\t\t<\/dt><\/dl><dl class='gallery-item'>\n\t\t\t<dt class='gallery-icon landscape'>\n\t\t\t\t<a href='https:\/\/sidroniolima.com.br\/blog\/papeis-de-parede\/pics_073\/'><img loading=\"lazy\" decoding=\"async\" width=\"150\" height=\"150\" src=\"https:\/\/sidroniolima.com.br\/blog\/wp-content\/uploads\/2011\/11\/pics_073-150x150.jpg\" class=\"attachment-thumbnail size-thumbnail\" alt=\"\" srcset=\"https:\/\/sidroniolima.com.br\/blog\/wp-content\/uploads\/2011\/11\/pics_073-150x150.jpg 150w, https:\/\/sidroniolima.com.br\/blog\/wp-content\/uploads\/2011\/11\/pics_073-300x300.jpg 300w, https:\/\/sidroniolima.com.br\/blog\/wp-content\/uploads\/2011\/11\/pics_073-1x1.jpg 1w, https:\/\/sidroniolima.com.br\/blog\/wp-content\/uploads\/2011\/11\/pics_073.jpg 700w\" sizes=\"auto, (max-width: 150px) 100vw, 150px\" \/><\/a>\n\t\t\t<\/dt><\/dl><br style=\"clear: both\" \/><dl class='gallery-item'>\n\t\t\t<dt class='gallery-icon portrait'>\n\t\t\t\t<a href='https:\/\/sidroniolima.com.br\/blog\/papeis-de-parede\/pics_064\/'><img loading=\"lazy\" decoding=\"async\" width=\"150\" height=\"150\" src=\"https:\/\/sidroniolima.com.br\/blog\/wp-content\/uploads\/2011\/11\/pics_064-150x150.jpg\" class=\"attachment-thumbnail size-thumbnail\" alt=\"\" srcset=\"https:\/\/sidroniolima.com.br\/blog\/wp-content\/uploads\/2011\/11\/pics_064-150x150.jpg 150w, https:\/\/sidroniolima.com.br\/blog\/wp-content\/uploads\/2011\/11\/pics_064-1x1.jpg 1w\" sizes=\"auto, (max-width: 150px) 100vw, 150px\" \/><\/a>\n\t\t\t<\/dt><\/dl><dl class='gallery-item'>\n\t\t\t<dt class='gallery-icon landscape'>\n\t\t\t\t<a href='https:\/\/sidroniolima.com.br\/blog\/papeis-de-parede\/pics_059\/'><img loading=\"lazy\" decoding=\"async\" width=\"150\" height=\"150\" src=\"https:\/\/sidroniolima.com.br\/blog\/wp-content\/uploads\/2011\/11\/pics_059-150x150.jpg\" class=\"attachment-thumbnail size-thumbnail\" alt=\"\" srcset=\"https:\/\/sidroniolima.com.br\/blog\/wp-content\/uploads\/2011\/11\/pics_059-150x150.jpg 150w, https:\/\/sidroniolima.com.br\/blog\/wp-content\/uploads\/2011\/11\/pics_059-1x1.jpg 1w\" sizes=\"auto, (max-width: 150px) 100vw, 150px\" \/><\/a>\n\t\t\t<\/dt><\/dl><dl class='gallery-item'>\n\t\t\t<dt class='gallery-icon portrait'>\n\t\t\t\t<a href='https:\/\/sidroniolima.com.br\/blog\/papeis-de-parede\/pics_057\/'><img loading=\"lazy\" decoding=\"async\" width=\"150\" height=\"150\" src=\"https:\/\/sidroniolima.com.br\/blog\/wp-content\/uploads\/2011\/11\/pics_057-150x150.jpg\" class=\"attachment-thumbnail size-thumbnail\" alt=\"\" srcset=\"https:\/\/sidroniolima.com.br\/blog\/wp-content\/uploads\/2011\/11\/pics_057-150x150.jpg 150w, https:\/\/sidroniolima.com.br\/blog\/wp-content\/uploads\/2011\/11\/pics_057-1x1.jpg 1w\" sizes=\"auto, (max-width: 150px) 100vw, 150px\" \/><\/a>\n\t\t\t<\/dt><\/dl><br style=\"clear: both\" \/><dl class='gallery-item'>\n\t\t\t<dt class='gallery-icon landscape'>\n\t\t\t\t<a href='https:\/\/sidroniolima.com.br\/blog\/papeis-de-parede\/pics_052\/'><img loading=\"lazy\" decoding=\"async\" width=\"150\" height=\"150\" src=\"https:\/\/sidroniolima.com.br\/blog\/wp-content\/uploads\/2011\/11\/pics_052-150x150.jpg\" class=\"attachment-thumbnail size-thumbnail\" alt=\"\" srcset=\"https:\/\/sidroniolima.com.br\/blog\/wp-content\/uploads\/2011\/11\/pics_052-150x150.jpg 150w, https:\/\/sidroniolima.com.br\/blog\/wp-content\/uploads\/2011\/11\/pics_052-300x300.jpg 300w, https:\/\/sidroniolima.com.br\/blog\/wp-content\/uploads\/2011\/11\/pics_052-1x1.jpg 1w, https:\/\/sidroniolima.com.br\/blog\/wp-content\/uploads\/2011\/11\/pics_052.jpg 700w\" sizes=\"auto, (max-width: 150px) 100vw, 150px\" \/><\/a>\n\t\t\t<\/dt><\/dl><dl class='gallery-item'>\n\t\t\t<dt class='gallery-icon landscape'>\n\t\t\t\t<a href='https:\/\/sidroniolima.com.br\/blog\/papeis-de-parede\/pics_016\/'><img loading=\"lazy\" decoding=\"async\" width=\"150\" height=\"150\" src=\"https:\/\/sidroniolima.com.br\/blog\/wp-content\/uploads\/2011\/11\/pics_016-150x150.jpg\" class=\"attachment-thumbnail size-thumbnail\" alt=\"\" srcset=\"https:\/\/sidroniolima.com.br\/blog\/wp-content\/uploads\/2011\/11\/pics_016-150x150.jpg 150w, https:\/\/sidroniolima.com.br\/blog\/wp-content\/uploads\/2011\/11\/pics_016-2x1.jpg 2w\" sizes=\"auto, (max-width: 150px) 100vw, 150px\" \/><\/a>\n\t\t\t<\/dt><\/dl><dl class='gallery-item'>\n\t\t\t<dt class='gallery-icon landscape'>\n\t\t\t\t<a href='https:\/\/sidroniolima.com.br\/blog\/papeis-de-parede\/pics_002\/'><img loading=\"lazy\" decoding=\"async\" width=\"150\" height=\"150\" src=\"https:\/\/sidroniolima.com.br\/blog\/wp-content\/uploads\/2011\/11\/pics_002-150x150.jpg\" class=\"attachment-thumbnail size-thumbnail\" alt=\"\" srcset=\"https:\/\/sidroniolima.com.br\/blog\/wp-content\/uploads\/2011\/11\/pics_002-150x150.jpg 150w, https:\/\/sidroniolima.com.br\/blog\/wp-content\/uploads\/2011\/11\/pics_002-1x1.jpg 1w\" sizes=\"auto, (max-width: 150px) 100vw, 150px\" \/><\/a>\n\t\t\t<\/dt><\/dl><br style=\"clear: both\" \/><dl class='gallery-item'>\n\t\t\t<dt class='gallery-icon landscape'>\n\t\t\t\t<a href='https:\/\/sidroniolima.com.br\/blog\/papeis-de-parede\/pics_004\/'><img loading=\"lazy\" decoding=\"async\" width=\"150\" height=\"150\" src=\"https:\/\/sidroniolima.com.br\/blog\/wp-content\/uploads\/2011\/11\/pics_004-150x150.jpg\" class=\"attachment-thumbnail size-thumbnail\" alt=\"\" srcset=\"https:\/\/sidroniolima.com.br\/blog\/wp-content\/uploads\/2011\/11\/pics_004-150x150.jpg 150w, https:\/\/sidroniolima.com.br\/blog\/wp-content\/uploads\/2011\/11\/pics_004-2x1.jpg 2w\" sizes=\"auto, (max-width: 150px) 100vw, 150px\" \/><\/a>\n\t\t\t<\/dt><\/dl><dl class='gallery-item'>\n\t\t\t<dt class='gallery-icon landscape'>\n\t\t\t\t<a href='https:\/\/sidroniolima.com.br\/blog\/papeis-de-parede\/fresh-raspberries-close-up-2\/'><img loading=\"lazy\" decoding=\"async\" width=\"150\" height=\"150\" src=\"https:\/\/sidroniolima.com.br\/blog\/wp-content\/uploads\/2011\/11\/amora1-150x150.jpg\" class=\"attachment-thumbnail size-thumbnail\" alt=\"\" srcset=\"https:\/\/sidroniolima.com.br\/blog\/wp-content\/uploads\/2011\/11\/amora1-150x150.jpg 150w, https:\/\/sidroniolima.com.br\/blog\/wp-content\/uploads\/2011\/11\/amora1-2x1.jpg 2w\" sizes=\"auto, (max-width: 150px) 100vw, 150px\" \/><\/a>\n\t\t\t<\/dt><\/dl><dl class='gallery-item'>\n\t\t\t<dt class='gallery-icon landscape'>\n\t\t\t\t<a href='https:\/\/sidroniolima.com.br\/blog\/papeis-de-parede\/stormy-tube-2\/'><img loading=\"lazy\" decoding=\"async\" width=\"150\" height=\"150\" src=\"https:\/\/sidroniolima.com.br\/blog\/wp-content\/uploads\/2011\/11\/ilusc3a3o1-150x150.jpg\" class=\"attachment-thumbnail size-thumbnail\" alt=\"\" srcset=\"https:\/\/sidroniolima.com.br\/blog\/wp-content\/uploads\/2011\/11\/ilusc3a3o1-150x150.jpg 150w, https:\/\/sidroniolima.com.br\/blog\/wp-content\/uploads\/2011\/11\/ilusc3a3o1-2x1.jpg 2w\" sizes=\"auto, (max-width: 150px) 100vw, 150px\" \/><\/a>\n\t\t\t<\/dt><\/dl><br style=\"clear: both\" \/><dl class='gallery-item'>\n\t\t\t<dt class='gallery-icon landscape'>\n\t\t\t\t<a href='https:\/\/sidroniolima.com.br\/blog\/papeis-de-parede\/kihei-maui-hawaii-usa-2\/'><img loading=\"lazy\" decoding=\"async\" width=\"150\" height=\"150\" src=\"https:\/\/sidroniolima.com.br\/blog\/wp-content\/uploads\/2011\/11\/praia1-150x150.jpg\" class=\"attachment-thumbnail size-thumbnail\" alt=\"\" srcset=\"https:\/\/sidroniolima.com.br\/blog\/wp-content\/uploads\/2011\/11\/praia1-150x150.jpg 150w, https:\/\/sidroniolima.com.br\/blog\/wp-content\/uploads\/2011\/11\/praia1-2x1.jpg 2w\" sizes=\"auto, (max-width: 150px) 100vw, 150px\" \/><\/a>\n\t\t\t<\/dt><\/dl><dl class='gallery-item'>\n\t\t\t<dt class='gallery-icon landscape'>\n\t\t\t\t<a href='https:\/\/sidroniolima.com.br\/blog\/papeis-de-parede\/n04_jesus-oranday\/'><img loading=\"lazy\" decoding=\"async\" width=\"150\" height=\"150\" src=\"https:\/\/sidroniolima.com.br\/blog\/wp-content\/uploads\/2012\/05\/n04_jesus-oranday-150x150.jpg\" class=\"attachment-thumbnail size-thumbnail\" alt=\"\" srcset=\"https:\/\/sidroniolima.com.br\/blog\/wp-content\/uploads\/2012\/05\/n04_jesus-oranday-150x150.jpg 150w, https:\/\/sidroniolima.com.br\/blog\/wp-content\/uploads\/2012\/05\/n04_jesus-oranday-2x1.jpg 2w\" sizes=\"auto, (max-width: 150px) 100vw, 150px\" \/><\/a>\n\t\t\t<\/dt><\/dl><dl class='gallery-item'>\n\t\t\t<dt class='gallery-icon landscape'>\n\t\t\t\t<a href='https:\/\/sidroniolima.com.br\/blog\/papeis-de-parede\/n16_jay-fine\/'><img loading=\"lazy\" decoding=\"async\" width=\"150\" height=\"150\" src=\"https:\/\/sidroniolima.com.br\/blog\/wp-content\/uploads\/2012\/05\/n16_jay-fine-150x150.jpg\" class=\"attachment-thumbnail size-thumbnail\" alt=\"\" srcset=\"https:\/\/sidroniolima.com.br\/blog\/wp-content\/uploads\/2012\/05\/n16_jay-fine-150x150.jpg 150w, https:\/\/sidroniolima.com.br\/blog\/wp-content\/uploads\/2012\/05\/n16_jay-fine-1x1.jpg 1w\" sizes=\"auto, (max-width: 150px) 100vw, 150px\" \/><\/a>\n\t\t\t<\/dt><\/dl><br style=\"clear: both\" \/><dl class='gallery-item'>\n\t\t\t<dt class='gallery-icon landscape'>\n\t\t\t\t<a href='https:\/\/sidroniolima.com.br\/blog\/papeis-de-parede\/n47_yevgen-timashov\/'><img loading=\"lazy\" decoding=\"async\" width=\"150\" height=\"150\" src=\"https:\/\/sidroniolima.com.br\/blog\/wp-content\/uploads\/2012\/05\/n47_yevgen-timashov-150x150.jpg\" class=\"attachment-thumbnail size-thumbnail\" alt=\"\" srcset=\"https:\/\/sidroniolima.com.br\/blog\/wp-content\/uploads\/2012\/05\/n47_yevgen-timashov-150x150.jpg 150w, https:\/\/sidroniolima.com.br\/blog\/wp-content\/uploads\/2012\/05\/n47_yevgen-timashov-1x1.jpg 1w\" sizes=\"auto, (max-width: 150px) 100vw, 150px\" \/><\/a>\n\t\t\t<\/dt><\/dl><dl class='gallery-item'>\n\t\t\t<dt class='gallery-icon landscape'>\n\t\t\t\t<a href='https:\/\/sidroniolima.com.br\/blog\/papeis-de-parede\/national_geographic_wallpapers_043_3252\/'><img loading=\"lazy\" decoding=\"async\" width=\"150\" height=\"150\" src=\"https:\/\/sidroniolima.com.br\/blog\/wp-content\/uploads\/2012\/05\/national_geographic_wallpapers_043_3252-150x150.jpg\" class=\"attachment-thumbnail size-thumbnail\" alt=\"\" srcset=\"https:\/\/sidroniolima.com.br\/blog\/wp-content\/uploads\/2012\/05\/national_geographic_wallpapers_043_3252-150x150.jpg 150w, https:\/\/sidroniolima.com.br\/blog\/wp-content\/uploads\/2012\/05\/national_geographic_wallpapers_043_3252-1x1.jpg 1w\" sizes=\"auto, (max-width: 150px) 100vw, 150px\" \/><\/a>\n\t\t\t<\/dt><\/dl><dl class='gallery-item'>\n\t\t\t<dt class='gallery-icon landscape'>\n\t\t\t\t<a href='https:\/\/sidroniolima.com.br\/blog\/papeis-de-parede\/nature-around-the-world-national-geographic-7018225-1680-1050\/'><img loading=\"lazy\" decoding=\"async\" width=\"150\" height=\"150\" src=\"https:\/\/sidroniolima.com.br\/blog\/wp-content\/uploads\/2012\/05\/nature-around-the-world-national-geographic-7018225-1680-1050-150x150.jpg\" class=\"attachment-thumbnail size-thumbnail\" alt=\"\" srcset=\"https:\/\/sidroniolima.com.br\/blog\/wp-content\/uploads\/2012\/05\/nature-around-the-world-national-geographic-7018225-1680-1050-150x150.jpg 150w, https:\/\/sidroniolima.com.br\/blog\/wp-content\/uploads\/2012\/05\/nature-around-the-world-national-geographic-7018225-1680-1050-2x1.jpg 2w\" sizes=\"auto, (max-width: 150px) 100vw, 150px\" \/><\/a>\n\t\t\t<\/dt><\/dl><br style=\"clear: both\" \/><dl class='gallery-item'>\n\t\t\t<dt class='gallery-icon landscape'>\n\t\t\t\t<a href='https:\/\/sidroniolima.com.br\/blog\/papeis-de-parede\/puffin-shiant-islands_13142_990x742\/'><img loading=\"lazy\" decoding=\"async\" width=\"150\" height=\"150\" src=\"https:\/\/sidroniolima.com.br\/blog\/wp-content\/uploads\/2012\/05\/puffin-shiant-islands_13142_990x742-150x150.jpg\" class=\"attachment-thumbnail size-thumbnail\" alt=\"\" srcset=\"https:\/\/sidroniolima.com.br\/blog\/wp-content\/uploads\/2012\/05\/puffin-shiant-islands_13142_990x742-150x150.jpg 150w, https:\/\/sidroniolima.com.br\/blog\/wp-content\/uploads\/2012\/05\/puffin-shiant-islands_13142_990x742-1x1.jpg 1w\" sizes=\"auto, (max-width: 150px) 100vw, 150px\" \/><\/a>\n\t\t\t<\/dt><\/dl><dl class='gallery-item'>\n\t\t\t<dt class='gallery-icon landscape'>\n\t\t\t\t<a href='https:\/\/sidroniolima.com.br\/blog\/papeis-de-parede\/rainbow-field-gehman_1498_600x450\/'><img loading=\"lazy\" decoding=\"async\" width=\"150\" height=\"150\" src=\"https:\/\/sidroniolima.com.br\/blog\/wp-content\/uploads\/2012\/05\/rainbow-field-gehman_1498_600x450-150x150.jpg\" class=\"attachment-thumbnail size-thumbnail\" alt=\"\" srcset=\"https:\/\/sidroniolima.com.br\/blog\/wp-content\/uploads\/2012\/05\/rainbow-field-gehman_1498_600x450-150x150.jpg 150w, https:\/\/sidroniolima.com.br\/blog\/wp-content\/uploads\/2012\/05\/rainbow-field-gehman_1498_600x450-1x1.jpg 1w\" sizes=\"auto, (max-width: 150px) 100vw, 150px\" \/><\/a>\n\t\t\t<\/dt><\/dl><dl class='gallery-item'>\n\t\t\t<dt class='gallery-icon landscape'>\n\t\t\t\t<a href='https:\/\/sidroniolima.com.br\/blog\/papeis-de-parede\/storm-clouds-south-dakota_23945_990x742\/'><img loading=\"lazy\" decoding=\"async\" width=\"150\" height=\"150\" src=\"https:\/\/sidroniolima.com.br\/blog\/wp-content\/uploads\/2012\/05\/storm-clouds-south-dakota_23945_990x742-150x150.jpg\" class=\"attachment-thumbnail size-thumbnail\" alt=\"\" srcset=\"https:\/\/sidroniolima.com.br\/blog\/wp-content\/uploads\/2012\/05\/storm-clouds-south-dakota_23945_990x742-150x150.jpg 150w, https:\/\/sidroniolima.com.br\/blog\/wp-content\/uploads\/2012\/05\/storm-clouds-south-dakota_23945_990x742-1x1.jpg 1w\" sizes=\"auto, (max-width: 150px) 100vw, 150px\" \/><\/a>\n\t\t\t<\/dt><\/dl><br style=\"clear: both\" \/><dl class='gallery-item'>\n\t\t\t<dt class='gallery-icon landscape'>\n\t\t\t\t<a href='https:\/\/sidroniolima.com.br\/blog\/papeis-de-parede\/wallpaper-20\/'><img loading=\"lazy\" decoding=\"async\" width=\"150\" height=\"150\" src=\"https:\/\/sidroniolima.com.br\/blog\/wp-content\/uploads\/2012\/05\/wallpaper-20-150x150.jpg\" class=\"attachment-thumbnail size-thumbnail\" alt=\"\" srcset=\"https:\/\/sidroniolima.com.br\/blog\/wp-content\/uploads\/2012\/05\/wallpaper-20-150x150.jpg 150w, https:\/\/sidroniolima.com.br\/blog\/wp-content\/uploads\/2012\/05\/wallpaper-20-1x1.jpg 1w\" sizes=\"auto, (max-width: 150px) 100vw, 150px\" \/><\/a>\n\t\t\t<\/dt><\/dl>\n\t\t\t<br style='clear: both' \/>\n\t\t<\/div>\n\n<p>\u00daltima atualiza\u00e7\u00e3o: 04\/11\/2011<\/p>\n<p>Enjoy!<\/p>\n\n<div class=\"twitter-share\"><a href=\"https:\/\/twitter.com\/intent\/tweet?via=sidroniolima\" class=\"twitter-share-button\">Tweet<\/a><\/div>\n","protected":false},"excerpt":{"rendered":"<p>Depois de perceber a procura por pap\u00e9is-de-parede resolvi acrescentar essa funcionalidade no blog,\u00a0compartilhando imagens incr\u00edveis&#8230; Para salvar as imagens basta clicar com o bot\u00e3o direito do mouse e sobre a op\u00e7\u00e3o &#8220;Salvar imagem como&#8230;&#8221;. Ou para definir diretamente uma como papel-de-parede da \u00e1rea de trabalho clique em &#8220;Definir como plano de fundo&#8221;.\u00a0 H\u00e1 alguma varia\u00e7\u00e3o [&hellip;]<\/p>\n","protected":false},"author":1,"featured_media":0,"parent":0,"menu_order":0,"comment_status":"open","ping_status":"open","template":"","meta":{"footnotes":""},"class_list":["post-73","page","type-page","status-publish","hentry"],"jetpack_sharing_enabled":true,"_links":{"self":[{"href":"https:\/\/sidroniolima.com.br\/blog\/wp-json\/wp\/v2\/pages\/73","targetHints":{"allow":["GET"]}}],"collection":[{"href":"https:\/\/sidroniolima.com.br\/blog\/wp-json\/wp\/v2\/pages"}],"about":[{"href":"https:\/\/sidroniolima.com.br\/blog\/wp-json\/wp\/v2\/types\/page"}],"author":[{"embeddable":true,"href":"https:\/\/sidroniolima.com.br\/blog\/wp-json\/wp\/v2\/users\/1"}],"replies":[{"embeddable":true,"href":"https:\/\/sidroniolima.com.br\/blog\/wp-json\/wp\/v2\/comments?post=73"}],"version-history":[{"count":0,"href":"https:\/\/sidroniolima.com.br\/blog\/wp-json\/wp\/v2\/pages\/73\/revisions"}],"wp:attachment":[{"href":"https:\/\/sidroniolima.com.br\/blog\/wp-json\/wp\/v2\/media?parent=73"}],"curies":[{"name":"wp","href":"https:\/\/api.w.org\/{rel}","templated":true}]}}